{"id":3893,"date":"2024-01-24T16:39:10","date_gmt":"2024-01-24T16:39:10","guid":{"rendered":"https:\/\/linebackerprototype.com\/les-programmes\/"},"modified":"2024-01-24T16:39:10","modified_gmt":"2024-01-24T16:39:10","slug":"les-programmes","status":"publish","type":"page","link":"https:\/\/linebackerprototype.com\/fr\/les-programmes\/","title":{"rendered":"Les programmes"},"content":{"rendered":"<div class=\"fusion-fullwidth fullwidth-box fusion-builder-row-1 fusion-flex-container has-pattern-background has-mask-background hundred-percent-fullwidth non-hundred-percent-height-scrolling\" style=\"--awb-border-radius-top-left:0px;--awb-border-radius-top-right:0px;--awb-border-radius-bottom-right:0px;--awb-border-radius-bottom-left:0px;--awb-padding-top:32px;--awb-padding-bottom:46px;--awb-flex-wrap:wrap;\" ><div class=\"fusion-builder-row fusion-row fusion-flex-align-items-flex-start fusion-flex-content-wrap\" style=\"width:104% !important;max-width:104% !important;margin-left: calc(-4% \/ 2 );margin-right: calc(-4% \/ 2 );\"><div class=\"fusion-layout-column fusion_builder_column fusion-builder-column-0 fusion_builder_column_1_1 1_1 fusion-flex-column\" style=\"--awb-bg-size:cover;--awb-width-large:100%;--awb-margin-top-large:0px;--awb-spacing-right-large:1.92%;--awb-margin-bottom-large:20px;--awb-spacing-left-large:1.92%;--awb-width-medium:100%;--awb-order-medium:0;--awb-spacing-right-medium:1.92%;--awb-spacing-left-medium:1.92%;--awb-width-small:100%;--awb-order-small:0;--awb-spacing-right-small:1.92%;--awb-spacing-left-small:1.92%;\"><div class=\"fusion-column-wrapper fusion-column-has-shadow fusion-flex-justify-content-flex-start fusion-content-layout-column\"><div class=\"fusion-title title fusion-title-1 fusion-sep-none fusion-title-center fusion-title-text fusion-title-size-two\"><h2 class=\"fusion-title-heading title-heading-center\" style=\"margin:0;\">Nos programmes<\/h2><\/div><\/div><\/div><div class=\"fusion-layout-column fusion_builder_column fusion-builder-column-1 fusion_builder_column_1_2 1_2 fusion-flex-column fusion-column-inner-bg-wrapper fusion-animated\" style=\"--awb-padding-top:15px;--awb-padding-right:15px;--awb-padding-bottom:15px;--awb-padding-left:15px;--awb-padding-top-medium:20px;--awb-padding-right-medium:20px;--awb-padding-bottom-medium:20px;--awb-padding-left-medium:20px;--awb-padding-top-small:30px;--awb-padding-right-small:30px;--awb-padding-bottom-small:30px;--awb-padding-left-small:30px;--awb-overflow:hidden;--awb-inner-bg-color:var(--awb-color1);--awb-inner-bg-color-hover:var(--awb-color1);--awb-inner-bg-size:cover;--awb-box-shadow:0px 2px 7px 0px hsla(var(--awb-color8-h),var(--awb-color8-s),var(--awb-color8-l),calc(var(--awb-color8-a) - 85%));;--awb-border-color:var(--awb-color3);--awb-border-style:solid;--awb-border-radius:12px 12px 12px 12px;--awb-inner-bg-border-radius:12px 12px 12px 12px;--awb-inner-bg-overflow:hidden;--awb-transform:scaleX(1) scaleY(1);--awb-transform-hover:scaleX(1.02) scaleY(1.02);--awb-width-large:50%;--awb-margin-top-large:0px;--awb-spacing-right-large:3.84%;--awb-margin-bottom-large:0px;--awb-spacing-left-large:3.84%;--awb-width-medium:33.333333333333%;--awb-order-medium:0;--awb-spacing-right-medium:10px;--awb-spacing-left-medium:5.76%;--awb-width-small:100%;--awb-order-small:0;--awb-margin-top-small:16px;--awb-spacing-right-small:1.92%;--awb-margin-bottom-small:16px;--awb-spacing-left-small:1.92%;\" data-animationType=\"fadeInUp\" data-animationDuration=\"0.8\" data-animationOffset=\"top-into-view\"><span class=\"fusion-column-inner-bg hover-type-none\"><a class=\"fusion-column-anchor\" href=\"https:\/\/linebackerprototype.com\/fr\/program\/formation-en-personne\/\"><span class=\"fusion-column-inner-bg-image\"><\/span><\/a><\/span><div class=\"fusion-column-wrapper fusion-column-has-shadow fusion-flex-justify-content-flex-start fusion-content-layout-column\"><div class=\"fusion-image-element \" style=\"--awb-aspect-ratio: 100 \/ 64;--awb-margin-bottom:30px;--awb-caption-title-font-family:var(--h2_typography-font-family);--awb-caption-title-font-weight:var(--h2_typography-font-weight);--awb-caption-title-font-style:var(--h2_typography-font-style);--awb-caption-title-size:var(--h2_typography-font-size);--awb-caption-title-transform:var(--h2_typography-text-transform);--awb-caption-title-line-height:var(--h2_typography-line-height);--awb-caption-title-letter-spacing:var(--h2_typography-letter-spacing);\"><span class=\" fusion-imageframe imageframe-none imageframe-1 hover-type-none has-aspect-ratio\" style=\"border-radius:4px;\"><img decoding=\"async\" width=\"2048\" height=\"1366\" title=\"IMG_0656\" src=\"https:\/\/linebackerprototype.com\/wp-content\/uploads\/2024\/01\/IMG_0656.jpeg\" data-orig-src=\"https:\/\/linebackerprototype.com\/wp-content\/uploads\/2024\/01\/IMG_0656.jpeg\" class=\"lazyload img-responsive wp-image-3799 img-with-aspect-ratio\" data-parent-fit=\"cover\" data-parent-container=\".fusion-image-element\" alt srcset=\"data:image\/svg+xml,%3Csvg%20xmlns%3D%27http%3A%2F%2Fwww.w3.org%2F2000%2Fsvg%27%20width%3D%272048%27%20height%3D%271366%27%20viewBox%3D%270%200%202048%201366%27%3E%3Crect%20width%3D%272048%27%20height%3D%271366%27%20fill-opacity%3D%220%22%2F%3E%3C%2Fsvg%3E\" data-srcset=\"https:\/\/linebackerprototype.com\/wp-content\/uploads\/2024\/01\/IMG_0656-200x133.jpeg 200w, https:\/\/linebackerprototype.com\/wp-content\/uploads\/2024\/01\/IMG_0656-400x267.jpeg 400w, https:\/\/linebackerprototype.com\/wp-content\/uploads\/2024\/01\/IMG_0656-600x400.jpeg 600w, https:\/\/linebackerprototype.com\/wp-content\/uploads\/2024\/01\/IMG_0656-800x534.jpeg 800w, https:\/\/linebackerprototype.com\/wp-content\/uploads\/2024\/01\/IMG_0656-1200x800.jpeg 1200w, https:\/\/linebackerprototype.com\/wp-content\/uploads\/2024\/01\/IMG_0656.jpeg 2048w\" data-sizes=\"auto\" data-orig-sizes=\"(max-width: 850px) 100vw, 600px\" \/><\/span><\/div><div class=\"fusion-title title fusion-title-2 fusion-sep-none fusion-title-center fusion-title-text fusion-title-size-five\" style=\"--awb-text-color:var(--awb-color8);--awb-margin-right:40px;--awb-margin-left:40px;--awb-margin-right-medium:15px;--awb-margin-left-medium:15px;\"><h5 class=\"fusion-title-heading title-heading-center\" style=\"margin:0;\">Formation en personne<\/h5><\/div><div class=\"fusion-text fusion-text-1 fusion-text-no-margin\" style=\"--awb-content-alignment:center;--awb-font-size:var(--awb-typography4-font-size);--awb-line-height:var(--awb-typography4-line-height);--awb-letter-spacing:var(--awb-typography4-letter-spacing);--awb-text-transform:var(--awb-typography4-text-transform);--awb-text-color:hsla(var(--awb-color8-h),var(--awb-color8-s),var(--awb-color8-l),calc(var(--awb-color8-a) - 20%));--awb-margin-right:15px;--awb-margin-bottom:35px;--awb-margin-left:15px;--awb-text-font-family:var(--awb-typography4-font-family);--awb-text-font-weight:var(--awb-typography4-font-weight);--awb-text-font-style:var(--awb-typography4-font-style);\"><p>Am\u00e9liorez votre jeu gr\u00e2ce \u00e0 l&rsquo;excellence pratique \ud83c\udfc8\ud83e\udd1d\ud83e\udd1d\ud83c\udfc8\ud83e\udd1d\ud83e\udd1d\ud83e\udd1d<\/p>\n<\/div><div class=\"fusion-separator fusion-full-width-sep\" style=\"align-self: center;margin-left: auto;margin-right: auto;flex-grow:1;width:100%;\"><\/div><div ><a class=\"fusion-button button-flat fusion-button-default-size button-default fusion-button-default button-1 fusion-button-span-yes fusion-button-default-type\" style=\"--button-border-radius-top-left:8px;--button-border-radius-top-right:8px;--button-border-radius-bottom-right:8px;--button-border-radius-bottom-left:8px;--button_text_transform:var(--awb-typography3-text-transform);--button_font_size:var(--awb-typography3-font-size);--button_line_height:var(--awb-typography3-line-height);--button_padding-top:15px;--button_padding-bottom:15px;--button_typography-letter-spacing:var(--awb-typography3-letter-spacing);--button_typography-font-family:var(--awb-typography3-font-family);--button_typography-font-weight:var(--awb-typography3-font-weight);--button_typography-font-style:var(--awb-typography3-font-style);\" target=\"_self\" href=\"https:\/\/linebackerprototype.com\/fr\/program\/formation-en-personne\/\"><span class=\"fusion-button-text awb-button__text awb-button__text--default\">En savoir plus<\/span><i class=\"corporation-arrow-right awb-button__icon awb-button__icon--default button-icon-right\" aria-hidden=\"true\"><\/i><\/a><\/div><\/div><\/div><div class=\"fusion-layout-column fusion_builder_column fusion-builder-column-2 fusion_builder_column_1_2 1_2 fusion-flex-column fusion-column-inner-bg-wrapper fusion-animated\" style=\"--awb-padding-top:15px;--awb-padding-right:15px;--awb-padding-bottom:15px;--awb-padding-left:15px;--awb-padding-top-medium:20px;--awb-padding-right-medium:20px;--awb-padding-bottom-medium:20px;--awb-padding-left-medium:20px;--awb-padding-top-small:30px;--awb-padding-right-small:30px;--awb-padding-bottom-small:30px;--awb-padding-left-small:30px;--awb-overflow:hidden;--awb-inner-bg-color:var(--awb-color1);--awb-inner-bg-color-hover:var(--awb-color1);--awb-inner-bg-size:cover;--awb-box-shadow:0px 2px 7px 0px hsla(var(--awb-color8-h),var(--awb-color8-s),var(--awb-color8-l),calc(var(--awb-color8-a) - 85%));;--awb-border-color:var(--awb-color3);--awb-border-style:solid;--awb-border-radius:12px 12px 12px 12px;--awb-inner-bg-border-radius:12px 12px 12px 12px;--awb-inner-bg-overflow:hidden;--awb-transform:scaleX(1) scaleY(1);--awb-transform-hover:scaleX(1.02) scaleY(1.02);--awb-width-large:50%;--awb-margin-top-large:0px;--awb-spacing-right-large:3.84%;--awb-margin-bottom-large:0px;--awb-spacing-left-large:3.84%;--awb-width-medium:33.333333333333%;--awb-order-medium:0;--awb-spacing-right-medium:10px;--awb-spacing-left-medium:5.76%;--awb-width-small:100%;--awb-order-small:0;--awb-margin-top-small:16px;--awb-spacing-right-small:1.92%;--awb-margin-bottom-small:16px;--awb-spacing-left-small:1.92%;\" data-animationType=\"fadeInUp\" data-animationDuration=\"0.8\" data-animationOffset=\"top-into-view\"><span class=\"fusion-column-inner-bg hover-type-none\"><a class=\"fusion-column-anchor\" href=\"https:\/\/linebackerprototype.com\/fr\/program\/academie-en-ligne-du-prototype-de-linebacker\/\"><span class=\"fusion-column-inner-bg-image\"><\/span><\/a><\/span><div class=\"fusion-column-wrapper fusion-column-has-shadow fusion-flex-justify-content-flex-start fusion-content-layout-column\"><div class=\"fusion-image-element \" style=\"--awb-aspect-ratio: 100 \/ 64;--awb-object-position:46% 17%;--awb-margin-bottom:30px;--awb-caption-title-font-family:var(--h2_typography-font-family);--awb-caption-title-font-weight:var(--h2_typography-font-weight);--awb-caption-title-font-style:var(--h2_typography-font-style);--awb-caption-title-size:var(--h2_typography-font-size);--awb-caption-title-transform:var(--h2_typography-text-transform);--awb-caption-title-line-height:var(--h2_typography-line-height);--awb-caption-title-letter-spacing:var(--h2_typography-letter-spacing);\"><span class=\" fusion-imageframe imageframe-none imageframe-2 hover-type-none has-aspect-ratio\" style=\"border-radius:4px;\"><img decoding=\"async\" width=\"1707\" height=\"2560\" title=\"DSC06204-Enhanced-NR\" src=\"https:\/\/linebackerprototype.com\/wp-content\/uploads\/2024\/01\/DSC06204-Enhanced-NR-scaled.jpeg\" data-orig-src=\"https:\/\/linebackerprototype.com\/wp-content\/uploads\/2024\/01\/DSC06204-Enhanced-NR-scaled.jpeg\" class=\"lazyload img-responsive wp-image-3796 img-with-aspect-ratio\" data-parent-fit=\"cover\" data-parent-container=\".fusion-image-element\" alt srcset=\"data:image\/svg+xml,%3Csvg%20xmlns%3D%27http%3A%2F%2Fwww.w3.org%2F2000%2Fsvg%27%20width%3D%271707%27%20height%3D%272560%27%20viewBox%3D%270%200%201707%202560%27%3E%3Crect%20width%3D%271707%27%20height%3D%272560%27%20fill-opacity%3D%220%22%2F%3E%3C%2Fsvg%3E\" data-srcset=\"https:\/\/linebackerprototype.com\/wp-content\/uploads\/2024\/01\/DSC06204-Enhanced-NR-200x300.jpeg 200w, https:\/\/linebackerprototype.com\/wp-content\/uploads\/2024\/01\/DSC06204-Enhanced-NR-400x600.jpeg 400w, https:\/\/linebackerprototype.com\/wp-content\/uploads\/2024\/01\/DSC06204-Enhanced-NR-600x900.jpeg 600w, https:\/\/linebackerprototype.com\/wp-content\/uploads\/2024\/01\/DSC06204-Enhanced-NR-800x1200.jpeg 800w, https:\/\/linebackerprototype.com\/wp-content\/uploads\/2024\/01\/DSC06204-Enhanced-NR-1200x1800.jpeg 1200w, https:\/\/linebackerprototype.com\/wp-content\/uploads\/2024\/01\/DSC06204-Enhanced-NR-scaled.jpeg 1707w\" data-sizes=\"auto\" data-orig-sizes=\"(max-width: 850px) 100vw, 600px\" \/><\/span><\/div><div class=\"fusion-title title fusion-title-3 fusion-sep-none fusion-title-center fusion-title-text fusion-title-size-five\" style=\"--awb-text-color:var(--awb-color8);--awb-margin-right:40px;--awb-margin-left:40px;--awb-margin-right-medium:15px;--awb-margin-left-medium:15px;\"><h5 class=\"fusion-title-heading title-heading-center\" style=\"margin:0;\">Acad\u00e9mie en ligne<\/h5><\/div><div class=\"fusion-text fusion-text-2 fusion-text-no-margin\" style=\"--awb-content-alignment:center;--awb-font-size:var(--awb-typography4-font-size);--awb-line-height:var(--awb-typography4-line-height);--awb-letter-spacing:var(--awb-typography4-letter-spacing);--awb-text-transform:var(--awb-typography4-text-transform);--awb-text-color:hsla(var(--awb-color8-h),var(--awb-color8-s),var(--awb-color8-l),calc(var(--awb-color8-a) - 20%));--awb-margin-right:15px;--awb-margin-bottom:35px;--awb-margin-left:15px;--awb-text-font-family:var(--awb-typography4-font-family);--awb-text-font-weight:var(--awb-typography4-font-weight);--awb-text-font-style:var(--awb-typography4-font-style);\"><p>Lib\u00e9rez votre potentiel d\u00e9fensif, \u00e0 tout moment et en tout lieu \ud83c\udf10<\/p>\n<\/div><div class=\"fusion-separator fusion-full-width-sep\" style=\"align-self: center;margin-left: auto;margin-right: auto;flex-grow:1;width:100%;\"><\/div><div ><a class=\"fusion-button button-flat fusion-button-default-size button-default fusion-button-default button-2 fusion-button-span-yes fusion-button-default-type\" style=\"--button-border-radius-top-left:8px;--button-border-radius-top-right:8px;--button-border-radius-bottom-right:8px;--button-border-radius-bottom-left:8px;--button_text_transform:var(--awb-typography3-text-transform);--button_font_size:var(--awb-typography3-font-size);--button_line_height:var(--awb-typography3-line-height);--button_padding-top:15px;--button_padding-bottom:15px;--button_typography-letter-spacing:var(--awb-typography3-letter-spacing);--button_typography-font-family:var(--awb-typography3-font-family);--button_typography-font-weight:var(--awb-typography3-font-weight);--button_typography-font-style:var(--awb-typography3-font-style);\" target=\"_self\" href=\"https:\/\/linebackerprototype.com\/fr\/program\/academie-en-ligne-du-prototype-de-linebacker\/\"><span class=\"fusion-button-text awb-button__text awb-button__text--default\">En savoir plus<\/span><i class=\"corporation-arrow-right awb-button__icon awb-button__icon--default button-icon-right\" aria-hidden=\"true\"><\/i><\/a><\/div><\/div><\/div><\/div><\/div>\n\n","protected":false},"excerpt":{"rendered":"","protected":false},"author":1,"featured_media":0,"parent":0,"menu_order":0,"comment_status":"closed","ping_status":"closed","template":"100-width.php","meta":{"_acf_changed":false,"footnotes":""},"class_list":["post-3893","page","type-page","status-publish","hentry"],"acf":[],"yoast_head":"<!-- This site is optimized with the Yoast SEO plugin v27.3 - https:\/\/yoast.com\/product\/yoast-seo-wordpress\/ -->\n<title>Les programmes - Linebacker Prototype<\/title>\n<meta name=\"robots\" content=\"index, follow, max-snippet:-1, max-image-preview:large, max-video-preview:-1\" \/>\n<link rel=\"canonical\" href=\"https:\/\/linebackerprototype.com\/fr\/les-programmes\/\" \/>\n<meta property=\"og:locale\" content=\"fr_FR\" \/>\n<meta property=\"og:type\" content=\"article\" \/>\n<meta property=\"og:title\" content=\"Les programmes - Linebacker Prototype\" \/>\n<meta property=\"og:url\" content=\"https:\/\/linebackerprototype.com\/fr\/les-programmes\/\" \/>\n<meta property=\"og:site_name\" content=\"Linebacker Prototype\" \/>\n<meta name=\"twitter:card\" content=\"summary_large_image\" \/>\n<script type=\"application\/ld+json\" class=\"yoast-schema-graph\">{\"@context\":\"https:\\\/\\\/schema.org\",\"@graph\":[{\"@type\":\"WebPage\",\"@id\":\"https:\\\/\\\/linebackerprototype.com\\\/fr\\\/les-programmes\\\/\",\"url\":\"https:\\\/\\\/linebackerprototype.com\\\/fr\\\/les-programmes\\\/\",\"name\":\"Les programmes - Linebacker Prototype\",\"isPartOf\":{\"@id\":\"https:\\\/\\\/linebackerprototype.com\\\/fr\\\/#website\"},\"datePublished\":\"2024-01-24T16:39:10+00:00\",\"breadcrumb\":{\"@id\":\"https:\\\/\\\/linebackerprototype.com\\\/fr\\\/les-programmes\\\/#breadcrumb\"},\"inLanguage\":\"fr-FR\",\"potentialAction\":[{\"@type\":\"ReadAction\",\"target\":[\"https:\\\/\\\/linebackerprototype.com\\\/fr\\\/les-programmes\\\/\"]}]},{\"@type\":\"BreadcrumbList\",\"@id\":\"https:\\\/\\\/linebackerprototype.com\\\/fr\\\/les-programmes\\\/#breadcrumb\",\"itemListElement\":[{\"@type\":\"ListItem\",\"position\":1,\"name\":\"Home\",\"item\":\"https:\\\/\\\/linebackerprototype.com\\\/fr\\\/\"},{\"@type\":\"ListItem\",\"position\":2,\"name\":\"Les programmes\"}]},{\"@type\":\"WebSite\",\"@id\":\"https:\\\/\\\/linebackerprototype.com\\\/fr\\\/#website\",\"url\":\"https:\\\/\\\/linebackerprototype.com\\\/fr\\\/\",\"name\":\"Linebacker Prototype\",\"description\":\"Off-season linebacker programs\",\"publisher\":{\"@id\":\"https:\\\/\\\/linebackerprototype.com\\\/fr\\\/#organization\"},\"potentialAction\":[{\"@type\":\"SearchAction\",\"target\":{\"@type\":\"EntryPoint\",\"urlTemplate\":\"https:\\\/\\\/linebackerprototype.com\\\/fr\\\/?s={search_term_string}\"},\"query-input\":{\"@type\":\"PropertyValueSpecification\",\"valueRequired\":true,\"valueName\":\"search_term_string\"}}],\"inLanguage\":\"fr-FR\"},{\"@type\":\"Organization\",\"@id\":\"https:\\\/\\\/linebackerprototype.com\\\/fr\\\/#organization\",\"name\":\"Linebacker Prototype\",\"url\":\"https:\\\/\\\/linebackerprototype.com\\\/fr\\\/\",\"logo\":{\"@type\":\"ImageObject\",\"inLanguage\":\"fr-FR\",\"@id\":\"https:\\\/\\\/linebackerprototype.com\\\/fr\\\/#\\\/schema\\\/logo\\\/image\\\/\",\"url\":\"https:\\\/\\\/linebackerprototype.com\\\/wp-content\\\/uploads\\\/2024\\\/01\\\/214110a3931b5528e702b584182fddf1_1200_80-1-e1706120732867.webp\",\"contentUrl\":\"https:\\\/\\\/linebackerprototype.com\\\/wp-content\\\/uploads\\\/2024\\\/01\\\/214110a3931b5528e702b584182fddf1_1200_80-1-e1706120732867.webp\",\"width\":375,\"height\":184,\"caption\":\"Linebacker Prototype\"},\"image\":{\"@id\":\"https:\\\/\\\/linebackerprototype.com\\\/fr\\\/#\\\/schema\\\/logo\\\/image\\\/\"}}]}<\/script>\n<!-- \/ Yoast SEO plugin. -->","yoast_head_json":{"title":"Les programmes - Linebacker Prototype","robots":{"index":"index","follow":"follow","max-snippet":"max-snippet:-1","max-image-preview":"max-image-preview:large","max-video-preview":"max-video-preview:-1"},"canonical":"https:\/\/linebackerprototype.com\/fr\/les-programmes\/","og_locale":"fr_FR","og_type":"article","og_title":"Les programmes - Linebacker Prototype","og_url":"https:\/\/linebackerprototype.com\/fr\/les-programmes\/","og_site_name":"Linebacker Prototype","twitter_card":"summary_large_image","schema":{"@context":"https:\/\/schema.org","@graph":[{"@type":"WebPage","@id":"https:\/\/linebackerprototype.com\/fr\/les-programmes\/","url":"https:\/\/linebackerprototype.com\/fr\/les-programmes\/","name":"Les programmes - Linebacker Prototype","isPartOf":{"@id":"https:\/\/linebackerprototype.com\/fr\/#website"},"datePublished":"2024-01-24T16:39:10+00:00","breadcrumb":{"@id":"https:\/\/linebackerprototype.com\/fr\/les-programmes\/#breadcrumb"},"inLanguage":"fr-FR","potentialAction":[{"@type":"ReadAction","target":["https:\/\/linebackerprototype.com\/fr\/les-programmes\/"]}]},{"@type":"BreadcrumbList","@id":"https:\/\/linebackerprototype.com\/fr\/les-programmes\/#breadcrumb","itemListElement":[{"@type":"ListItem","position":1,"name":"Home","item":"https:\/\/linebackerprototype.com\/fr\/"},{"@type":"ListItem","position":2,"name":"Les programmes"}]},{"@type":"WebSite","@id":"https:\/\/linebackerprototype.com\/fr\/#website","url":"https:\/\/linebackerprototype.com\/fr\/","name":"Linebacker Prototype","description":"Off-season linebacker programs","publisher":{"@id":"https:\/\/linebackerprototype.com\/fr\/#organization"},"potentialAction":[{"@type":"SearchAction","target":{"@type":"EntryPoint","urlTemplate":"https:\/\/linebackerprototype.com\/fr\/?s={search_term_string}"},"query-input":{"@type":"PropertyValueSpecification","valueRequired":true,"valueName":"search_term_string"}}],"inLanguage":"fr-FR"},{"@type":"Organization","@id":"https:\/\/linebackerprototype.com\/fr\/#organization","name":"Linebacker Prototype","url":"https:\/\/linebackerprototype.com\/fr\/","logo":{"@type":"ImageObject","inLanguage":"fr-FR","@id":"https:\/\/linebackerprototype.com\/fr\/#\/schema\/logo\/image\/","url":"https:\/\/linebackerprototype.com\/wp-content\/uploads\/2024\/01\/214110a3931b5528e702b584182fddf1_1200_80-1-e1706120732867.webp","contentUrl":"https:\/\/linebackerprototype.com\/wp-content\/uploads\/2024\/01\/214110a3931b5528e702b584182fddf1_1200_80-1-e1706120732867.webp","width":375,"height":184,"caption":"Linebacker Prototype"},"image":{"@id":"https:\/\/linebackerprototype.com\/fr\/#\/schema\/logo\/image\/"}}]}},"_links":{"self":[{"href":"https:\/\/linebackerprototype.com\/fr\/wp-json\/wp\/v2\/pages\/3893","targetHints":{"allow":["GET"]}}],"collection":[{"href":"https:\/\/linebackerprototype.com\/fr\/wp-json\/wp\/v2\/pages"}],"about":[{"href":"https:\/\/linebackerprototype.com\/fr\/wp-json\/wp\/v2\/types\/page"}],"author":[{"embeddable":true,"href":"https:\/\/linebackerprototype.com\/fr\/wp-json\/wp\/v2\/users\/1"}],"replies":[{"embeddable":true,"href":"https:\/\/linebackerprototype.com\/fr\/wp-json\/wp\/v2\/comments?post=3893"}],"version-history":[{"count":0,"href":"https:\/\/linebackerprototype.com\/fr\/wp-json\/wp\/v2\/pages\/3893\/revisions"}],"wp:attachment":[{"href":"https:\/\/linebackerprototype.com\/fr\/wp-json\/wp\/v2\/media?parent=3893"}],"curies":[{"name":"wp","href":"https:\/\/api.w.org\/{rel}","templated":true}]}}